{"id":207,"date":"2025-07-15T09:51:39","date_gmt":"2025-07-15T07:51:39","guid":{"rendered":"https:\/\/capyogasante.fr\/?page_id=207"},"modified":"2026-01-05T11:53:36","modified_gmt":"2026-01-05T09:53:36","slug":"207-2","status":"publish","type":"page","link":"https:\/\/capyogasante.fr\/","title":{"rendered":""},"content":{"rendered":"\n<h2 class=\"wp-block-heading alignfull has-text-align-center is-style-text-display has-ysabeau-office-font-family is-style-text-display--1\" style=\"font-size:clamp(1.6rem, 1.6rem + ((1vw - 0.2rem) * 1.725), 2.7rem);\">Bonjour et bienvenue chez Cap Yoga Sant\u00e9 \ud83c\udf1e<\/h2>\n\n\n\n<p><\/p>\n\n\n\n<div class=\"wp-block-group has-global-padding is-layout-constrained wp-block-group-is-layout-constrained\">\n<p class=\"has-text-align-left\" style=\"font-size:clamp(0.929rem, 0.929rem + ((1vw - 0.2rem) * 0.739), 1.4rem);line-height:1.2\"><br>Notre association propose des pratiques de Yoga accessibles et qui s\u2019adaptent \u00e0 tous, peu importe la condition physique, l\u2019\u00e2ge, ou l\u2019exp\u00e9rience. Notre intention est d\u2019apporter \u00e0 chacun les bienfaits du Yoga pour un \u00e9quilibre de vie au quotidien, dans un cadre d\u2019accueil simple et bienveillant.&nbsp;<\/p>\n\n\n\n<p class=\"has-text-align-left\" style=\"font-size:clamp(0.929rem, 0.929rem + ((1vw - 0.2rem) * 0.739), 1.4rem);line-height:1.2\">Cap Yoga Sant\u00e9 propose \u00e0 l&rsquo;ann\u00e9e des pratiques hebdomadaires de Yoga \u00e0 Esquibien, Audierne, et Pouldreuzic.  A venir ces prochains mois, les stages suivants \u00e0 la journ\u00e9e:<\/p>\n\n\n\n<p class=\"has-ysabeau-office-font-family\" style=\"font-size:clamp(1.039rem, 1.039rem + ((1vw - 0.2rem) * 0.88), 1.6rem);\"><strong><em><strong><em>Stages de Yoga pour tous \u00e0 Audierne les samedi 14 mars, 11 avril et 30 mai 2026<\/em><\/strong><\/em><\/strong><\/p>\n\n\n\n<p>Approfondir la pratique en maintenant l\u2019accessibilit\u00e9, avec le format de Yoga \u201cint\u00e9gral\u201d m\u00ealant : stimulation (kriyas), mobilit\u00e9, mouvement et postures (asanas), travail du souffle (pranayama), m\u00e9ditation, expos\u00e9 et discussion, Yoga Nidra.<br>Le premier stage sera centr\u00e9 sur le corps, le second sur le souffle, et le troisi\u00e8me sur la sph\u00e8re mentale. Tarif 60\u20ac la journ\u00e9e, 150\u20ac les trois, ouvert au non adh\u00e9rents de Cap Yoga Sant\u00e9 (+20\u20ac d\u2019adh\u00e9sion), 15 personnes maximum.<\/p>\n\n\n\n<p class=\"has-ysabeau-office-font-family\" style=\"font-size:clamp(1.039rem, 1.039rem + ((1vw - 0.2rem) * 0.88), 1.6rem);\"><strong><em><strong><em>Weekend intensif de Yoga pour surfeurs \u00e0 Pouldreuzic les 21 et 22 Mars 2026<\/em><\/strong><\/em><\/strong><\/p>\n\n\n\n<p>Exp\u00e9rimentation, apprentissage et mise en perspective d\u2019un ensemble de techniques issues du Yoga (postures, respirations, m\u00e9ditation, relaxation profonde) et de la pr\u00e9paration physique (mobilit\u00e9, kinstretch, mouvement, renforcement musculaire,\u2026).<br>Le samedi focalisation sur les aspects de la pr\u00e9paration au surf, et dimanche sur la r\u00e9cup\u00e9ration. Les deux jours incluent des expos\u00e9s propices aux \u00e9changes \u2013 des supports p\u00e9dagogiques sont fournis. Tarif 80\u20ac la journ\u00e9e, 150\u20ac les deux, ouvert au non adh\u00e9rents de Cap Yoga Sant\u00e9 (+20\u20ac d\u2019adh\u00e9sion), 15 personnes maximum.<\/p>\n\n\n\n<p class=\"has-text-align-left\" style=\"font-size:clamp(0.929rem, 0.929rem + ((1vw - 0.2rem) * 0.739), 1.4rem);line-height:1.2\"><br><\/p>\n<\/div>\n\n\n\n<div class=\"wp-block-group has-global-padding is-layout-constrained wp-block-group-is-layout-constrained\">\n<div class=\"wp-block-group has-global-padding is-layout-constrained wp-block-group-is-layout-constrained\">\n<h2 class=\"wp-block-heading has-text-align-left has-ysabeau-office-font-family\" style=\"font-size:clamp(1.039rem, 1.039rem + ((1vw - 0.2rem) * 0.88), 1.6rem);\">Le Yoga et la Sant\u00e9 ?<\/h2>\n\n\n\n<p style=\"font-size:clamp(0.929rem, 0.929rem + ((1vw - 0.2rem) * 0.739), 1.4rem);line-height:1.2\">La pratique du Yoga allie compr\u00e9hension et ressenti : on dit du Yoga qu\u2019il est l\u2019incarnation d\u2019une certaine forme de sagesse. Ainsi, si l&rsquo;on passe d\u2019abord par une gymnastique \u00ab\u00a0intelligente\u00a0\u00bb, c&rsquo;est pour se diriger ensuite vers quelque chose de plus intime, et subtil.<\/p>\n\n\n\n<p style=\"font-size:clamp(0.929rem, 0.929rem + ((1vw - 0.2rem) * 0.739), 1.4rem);line-height:1.2\">La pratique du Yoga adresse en parall\u00e8le le corps, le souffle et le mental \u00e0 travers des exercices simples et accessibles qui vont en s\u2019affinant progressivement avec le temps et les possibilit\u00e9s du pratiquant. <br><br>Le travail postural, respiratoire et m\u00e9ditatif am\u00e8ne en direction d\u2019un \u00e9tat de calme et de disponibilit\u00e9 qui favorise la prise de distance et le discernement. La sensation \u201cd&rsquo;\u00eatre bien dans sa peau\u201d est directement associ\u00e9e \u00e0 la bonne sant\u00e9 mentale et physique, elle permet \u00e9galement un apaisement des relations \u00e0 l\u2019autre : nos pratiques sont des espaces d\u2019accueil de toutes les diff\u00e9rences.<\/p>\n\n\n\n<div class=\"wp-block-media-text is-stacked-on-mobile\" style=\"grid-template-columns:25% auto\"><figure class=\"wp-block-media-text__media\"><img loading=\"lazy\" decoding=\"async\" width=\"512\" height=\"512\" src=\"https:\/\/capyogasante.fr\/wp-content\/uploads\/2025\/07\/Sport-Sante-Bretagne-Forme-Sante-Logo.png\" alt=\"\" class=\"wp-image-61 size-full\" srcset=\"https:\/\/capyogasante.fr\/wp-content\/uploads\/2025\/07\/Sport-Sante-Bretagne-Forme-Sante-Logo.png 512w, https:\/\/capyogasante.fr\/wp-content\/uploads\/2025\/07\/Sport-Sante-Bretagne-Forme-Sante-Logo-300x300.png 300w, https:\/\/capyogasante.fr\/wp-content\/uploads\/2025\/07\/Sport-Sante-Bretagne-Forme-Sante-Logo-150x150.png 150w\" sizes=\"auto, (max-width: 512px) 100vw, 512px\" \/><\/figure><div class=\"wp-block-media-text__content\">\n<p class=\"has-text-align-left has-ysabeau-office-font-family\" style=\"font-size:clamp(0.929rem, 0.929rem + ((1vw - 0.2rem) * 0.739), 1.4rem);line-height:1.2\">Les pratiques de<a href=\"https:\/\/bretagne-sport-sante.fr\/activite\/yoga-pour-tous-4\/\" data-type=\"link\" data-id=\"https:\/\/bretagne-sport-sante.fr\/activite\/yoga-pour-tous-4\/\" target=\"_blank\" rel=\"noreferrer noopener\"> Yoga pour Tous<\/a> que nous proposons entrent dans le cadre du dispositif \u00ab\u00a0Bretagne Sport sant\u00e9\u00a0\u00bb de l&rsquo;ARS et \u00e0 ce titre sont \u00e9ligibles \u00e0 une prise en charge de la CPAM du Finist\u00e8re sous certaines conditions de ressources.<\/p>\n\n\n\n<p><\/p>\n<\/div><\/div>\n<\/div>\n<\/div>\n\n\n\n<div class=\"wp-block-group has-global-padding is-layout-constrained wp-block-group-is-layout-constrained\">\n<p><\/p>\n\n\n\n<h2 class=\"wp-block-heading has-text-align-left has-ysabeau-office-font-family\" style=\"font-size:clamp(1.039rem, 1.039rem + ((1vw - 0.2rem) * 0.88), 1.6rem);\">Yoga pour tous<\/h2>\n\n\n\n<p style=\"font-size:clamp(0.929rem, 0.929rem + ((1vw - 0.2rem) * 0.739), 1.4rem);line-height:1.2\">Une activit\u00e9 Sport Sant\u00e9 ouverte \u00e0 tous avec ou sans prescription m\u00e9dicale.<br>Une pratique de Yoga douce, con\u00e7ue pour s\u2019adapter \u00e0 chacun et proposer dans un cadre s\u00e9curis\u00e9 une relation apais\u00e9e avec les diff\u00e9rentes parties de soi m\u00eame.<br>Convient \u00e0 des pratiquants exp\u00e9riment\u00e9s comme aux d\u00e9butants.<br>Mots clef : mobilit\u00e9, \u00e9quilibre, douceur et pr\u00e9sence \u00e0 soi.<br><strong>Jeudi 10h30-11h30 et 12h-13h \u00e0 Esquibien, Salle polyvalente<\/strong><br><br><\/p>\n\n\n\n<h2 class=\"wp-block-heading has-ysabeau-office-font-family\" style=\"font-size:clamp(1.039rem, 1.039rem + ((1vw - 0.2rem) * 0.88), 1.6rem);\">Yoga pour surfers<\/h2>\n\n\n\n<p style=\"font-size:clamp(0.929rem, 0.929rem + ((1vw - 0.2rem) * 0.739), 1.4rem);line-height:1.2\">Une pratique destin\u00e9e en premier lieu aux amoureux des activit\u00e9s de glisse : des sessions de Yoga qui m\u00ealent mouvement et immobilit\u00e9, force et fluidit\u00e9, activation et rel\u00e2chement. <br>Une pratique con\u00e7ue pour soutenir et accompagner les activit\u00e9s oc\u00e9aniques dans leurs phases actives et favoriser la r\u00e9cup\u00e9ration, comme dans les p\u00e9riodes de flat \/ p\u00e9tole en se focalisant sur la pr\u00e9paration. <br>D\u00e9butants en Yoga bienvenus !<br><strong>Mardi 19h-20h30 \u00e0 Pouldreuzic, Espace Simone Weil<br>Mercredi 18h30-20h \u00e0 Audierne, Salle des affaires maritimes<\/strong><br><br><\/p>\n\n\n\n<p><\/p>\n<\/div>\n\n\n\n<div class=\"wp-block-group has-global-padding is-layout-constrained wp-block-group-is-layout-constrained\">\n<h2 class=\"wp-block-heading has-text-align-left has-ysabeau-office-font-family\" style=\"font-size:clamp(1.039rem, 1.039rem + ((1vw - 0.2rem) * 0.88), 1.6rem);\">L&rsquo;enseignant<\/h2>\n\n\n\n<p style=\"font-size:clamp(0.929rem, 0.929rem + ((1vw - 0.2rem) * 0.739), 1.4rem);line-height:1.2\">Alexandre rencontre le Yoga en 2002 quand il est confront\u00e9 \u00e0 un grave probl\u00e8me de sant\u00e9. Son chemin l&rsquo;a conduit au fil des ann\u00e9es de pratique, puis d&rsquo;enseignement depuis 2017, \u00e0 se former notamment en Yogath\u00e9rapie (IDYT Dr Lionel Coudron), et \u00e0 devenir \u00e9ducateur sportif int\u00e9gr\u00e9 dans le dispositif sport sant\u00e9 de l\u2019ARS.<br>Alexandre transmet ce qui l\u2019a aid\u00e9, et continue de l\u2019aider au quotidien,  aupr\u00e8s de publics vari\u00e9s : milieu carc\u00e9ral, \u00e9tablissement hospitalier en sant\u00e9 mentale, \u00e9ducation sp\u00e9cialis\u00e9e, &#8230; et&#8230; surfers !<br>Vous trouverez plus d&rsquo;informations \u00e0 propos de son parcours sur son <a href=\"http:\/\/alexandremegret.fr\" target=\"_blank\" rel=\"noreferrer noopener\">site<\/a>.<br><\/p>\n\n\n\n<p><\/p>\n<\/div>\n\n\n\n<div class=\"wp-block-group has-global-padding is-layout-constrained wp-block-group-is-layout-constrained\">\n<h2 class=\"wp-block-heading has-text-align-left has-ysabeau-office-font-family\" style=\"font-size:clamp(1.039rem, 1.039rem + ((1vw - 0.2rem) * 0.88), 1.6rem);\">En pratique<\/h2>\n\n\n\n<p style=\"font-size:clamp(0.923rem, 0.923rem + ((1vw - 0.2rem) * 0.733), 1.39rem);line-height:1.2\">Nous proposons des pratiques s&rsquo;\u00e9tendant \u00e0 l&rsquo;ann\u00e9e sur le calendrier scolaire, soit environ 32 s\u00e9ances.<br><\/p>\n\n\n\n<p style=\"font-size:clamp(0.923rem, 0.923rem + ((1vw - 0.2rem) * 0.733), 1.39rem);line-height:1.2\">L&rsquo;adh\u00e9sion annuelle \u00e0 l&rsquo;association est de 20\u20ac, les tarifs des pratiques sont les suivants :<br>&#8211; Yoga pour tous 240\u20ac<br>&#8211; Yoga pour surfers 300\u20ac<br><br>Des tarifs r\u00e9duits sont disponibles : demandeurs d&#8217;emploi, \u00e9tudiants, famille, ainsi que des pratiques \u00e0 l&rsquo;unit\u00e9. Merci de nous contacter.<\/p>\n\n\n\n<p style=\"font-size:clamp(0.929rem, 0.929rem + ((1vw - 0.2rem) * 0.739), 1.4rem);line-height:1.2\">Un essai gratuit est possible, merci de vous inscrire par mail car les places sont limit\u00e9es. \ud83d\ude4f<\/p>\n<\/div>\n","protected":false},"excerpt":{"rendered":"<p>Bonjour et bienvenue chez Cap Yoga Sant\u00e9 \ud83c\udf1e Notre association propose des pratiques de Yoga accessibles et qui s\u2019adaptent \u00e0 tous, peu importe la condition physique, l\u2019\u00e2ge, ou l\u2019exp\u00e9rience. Notre intention est d\u2019apporter \u00e0 chacun les bienfaits du Yoga pour un \u00e9quilibre de vie au quotidien, dans un cadre d\u2019accueil simple et bienveillant.&nbsp; Cap Yoga [&hellip;]<\/p>\n","protected":false},"author":1,"featured_media":0,"parent":0,"menu_order":0,"comment_status":"closed","ping_status":"closed","template":"","meta":{"footnotes":""},"class_list":["post-207","page","type-page","status-publish","hentry"],"yoast_head":"<!-- This site is optimized with the Yoast SEO plugin v25.7 - https:\/\/yoast.com\/wordpress\/plugins\/seo\/ -->\n<title>- Cap Yoga Sant\u00e9<\/title>\n<meta name=\"description\" content=\"Yoga Sport Sant\u00e9 dans le Cap Sizun et Cornouaille. Yoga pour tous, Yoga pour surfers.\" \/>\n<meta name=\"robots\" content=\"index, follow, max-snippet:-1, max-image-preview:large, max-video-preview:-1\" \/>\n<link rel=\"canonical\" href=\"https:\/\/capyogasante.fr\/\" \/>\n<meta property=\"og:locale\" content=\"fr_FR\" \/>\n<meta property=\"og:type\" content=\"article\" \/>\n<meta property=\"og:title\" content=\"- Cap Yoga Sant\u00e9\" \/>\n<meta property=\"og:description\" content=\"Yoga Sport Sant\u00e9 dans le Cap Sizun et Cornouaille. Yoga pour tous, Yoga pour surfers.\" \/>\n<meta property=\"og:url\" content=\"https:\/\/capyogasante.fr\/\" \/>\n<meta property=\"og:site_name\" content=\"Cap Yoga Sant\u00e9\" \/>\n<meta property=\"article:publisher\" content=\"https:\/\/www.facebook.com\/profile.php?id=61576708630963\" \/>\n<meta property=\"article:modified_time\" content=\"2026-01-05T09:53:36+00:00\" \/>\n<meta property=\"og:image\" content=\"https:\/\/capyogasante.fr\/wp-content\/uploads\/2025\/07\/Sport-Sante-Bretagne-Forme-Sante-Logo.png\" \/>\n\t<meta property=\"og:image:width\" content=\"512\" \/>\n\t<meta property=\"og:image:height\" content=\"512\" \/>\n\t<meta property=\"og:image:type\" content=\"image\/png\" \/>\n<meta name=\"twitter:card\" content=\"summary_large_image\" \/>\n<meta name=\"twitter:label1\" content=\"Dur\u00e9e de lecture estim\u00e9e\" \/>\n\t<meta name=\"twitter:data1\" content=\"5 minutes\" \/>\n<script type=\"application\/ld+json\" class=\"yoast-schema-graph\">{\"@context\":\"https:\/\/schema.org\",\"@graph\":[{\"@type\":\"WebPage\",\"@id\":\"https:\/\/capyogasante.fr\/\",\"url\":\"https:\/\/capyogasante.fr\/\",\"name\":\"- Cap Yoga Sant\u00e9\",\"isPartOf\":{\"@id\":\"https:\/\/capyogasante.fr\/#website\"},\"primaryImageOfPage\":{\"@id\":\"https:\/\/capyogasante.fr\/#primaryimage\"},\"image\":{\"@id\":\"https:\/\/capyogasante.fr\/#primaryimage\"},\"thumbnailUrl\":\"https:\/\/capyogasante.fr\/wp-content\/uploads\/2025\/07\/Sport-Sante-Bretagne-Forme-Sante-Logo.png\",\"datePublished\":\"2025-07-15T07:51:39+00:00\",\"dateModified\":\"2026-01-05T09:53:36+00:00\",\"description\":\"Yoga Sport Sant\u00e9 dans le Cap Sizun et Cornouaille. Yoga pour tous, Yoga pour surfers.\",\"inLanguage\":\"fr-FR\",\"potentialAction\":[{\"@type\":\"ReadAction\",\"target\":[\"https:\/\/capyogasante.fr\/\"]}]},{\"@type\":\"ImageObject\",\"inLanguage\":\"fr-FR\",\"@id\":\"https:\/\/capyogasante.fr\/#primaryimage\",\"url\":\"https:\/\/capyogasante.fr\/wp-content\/uploads\/2025\/07\/Sport-Sante-Bretagne-Forme-Sante-Logo.png\",\"contentUrl\":\"https:\/\/capyogasante.fr\/wp-content\/uploads\/2025\/07\/Sport-Sante-Bretagne-Forme-Sante-Logo.png\",\"width\":512,\"height\":512},{\"@type\":\"WebSite\",\"@id\":\"https:\/\/capyogasante.fr\/#website\",\"url\":\"https:\/\/capyogasante.fr\/\",\"name\":\"Cap Yoga Sant\u00e9\",\"description\":\"Yoga pour tous - Sport sant\u00e9 - Yoga pour surfers\",\"publisher\":{\"@id\":\"https:\/\/capyogasante.fr\/#organization\"},\"potentialAction\":[{\"@type\":\"SearchAction\",\"target\":{\"@type\":\"EntryPoint\",\"urlTemplate\":\"https:\/\/capyogasante.fr\/?s={search_term_string}\"},\"query-input\":{\"@type\":\"PropertyValueSpecification\",\"valueRequired\":true,\"valueName\":\"search_term_string\"}}],\"inLanguage\":\"fr-FR\"},{\"@type\":\"Organization\",\"@id\":\"https:\/\/capyogasante.fr\/#organization\",\"name\":\"Association Cap Yoga Sant\u00e9\",\"url\":\"https:\/\/capyogasante.fr\/\",\"logo\":{\"@type\":\"ImageObject\",\"inLanguage\":\"fr-FR\",\"@id\":\"https:\/\/capyogasante.fr\/#\/schema\/logo\/image\/\",\"url\":\"https:\/\/capyogasante.fr\/wp-content\/uploads\/2025\/07\/Copie-de-Copie-de-CAP-YOGA-SANTE-6.png\",\"contentUrl\":\"https:\/\/capyogasante.fr\/wp-content\/uploads\/2025\/07\/Copie-de-Copie-de-CAP-YOGA-SANTE-6.png\",\"width\":500,\"height\":500,\"caption\":\"Association Cap Yoga Sant\u00e9\"},\"image\":{\"@id\":\"https:\/\/capyogasante.fr\/#\/schema\/logo\/image\/\"},\"sameAs\":[\"https:\/\/www.facebook.com\/profile.php?id=61576708630963\",\"https:\/\/www.instagram.com\/capyogasante\/\"]}]}<\/script>\n<!-- \/ Yoast SEO plugin. -->","yoast_head_json":{"title":"- Cap Yoga Sant\u00e9","description":"Yoga Sport Sant\u00e9 dans le Cap Sizun et Cornouaille. Yoga pour tous, Yoga pour surfers.","robots":{"index":"index","follow":"follow","max-snippet":"max-snippet:-1","max-image-preview":"max-image-preview:large","max-video-preview":"max-video-preview:-1"},"canonical":"https:\/\/capyogasante.fr\/","og_locale":"fr_FR","og_type":"article","og_title":"- Cap Yoga Sant\u00e9","og_description":"Yoga Sport Sant\u00e9 dans le Cap Sizun et Cornouaille. Yoga pour tous, Yoga pour surfers.","og_url":"https:\/\/capyogasante.fr\/","og_site_name":"Cap Yoga Sant\u00e9","article_publisher":"https:\/\/www.facebook.com\/profile.php?id=61576708630963","article_modified_time":"2026-01-05T09:53:36+00:00","og_image":[{"width":512,"height":512,"url":"https:\/\/capyogasante.fr\/wp-content\/uploads\/2025\/07\/Sport-Sante-Bretagne-Forme-Sante-Logo.png","type":"image\/png"}],"twitter_card":"summary_large_image","twitter_misc":{"Dur\u00e9e de lecture estim\u00e9e":"5 minutes"},"schema":{"@context":"https:\/\/schema.org","@graph":[{"@type":"WebPage","@id":"https:\/\/capyogasante.fr\/","url":"https:\/\/capyogasante.fr\/","name":"- Cap Yoga Sant\u00e9","isPartOf":{"@id":"https:\/\/capyogasante.fr\/#website"},"primaryImageOfPage":{"@id":"https:\/\/capyogasante.fr\/#primaryimage"},"image":{"@id":"https:\/\/capyogasante.fr\/#primaryimage"},"thumbnailUrl":"https:\/\/capyogasante.fr\/wp-content\/uploads\/2025\/07\/Sport-Sante-Bretagne-Forme-Sante-Logo.png","datePublished":"2025-07-15T07:51:39+00:00","dateModified":"2026-01-05T09:53:36+00:00","description":"Yoga Sport Sant\u00e9 dans le Cap Sizun et Cornouaille. Yoga pour tous, Yoga pour surfers.","inLanguage":"fr-FR","potentialAction":[{"@type":"ReadAction","target":["https:\/\/capyogasante.fr\/"]}]},{"@type":"ImageObject","inLanguage":"fr-FR","@id":"https:\/\/capyogasante.fr\/#primaryimage","url":"https:\/\/capyogasante.fr\/wp-content\/uploads\/2025\/07\/Sport-Sante-Bretagne-Forme-Sante-Logo.png","contentUrl":"https:\/\/capyogasante.fr\/wp-content\/uploads\/2025\/07\/Sport-Sante-Bretagne-Forme-Sante-Logo.png","width":512,"height":512},{"@type":"WebSite","@id":"https:\/\/capyogasante.fr\/#website","url":"https:\/\/capyogasante.fr\/","name":"Cap Yoga Sant\u00e9","description":"Yoga pour tous - Sport sant\u00e9 - Yoga pour surfers","publisher":{"@id":"https:\/\/capyogasante.fr\/#organization"},"potentialAction":[{"@type":"SearchAction","target":{"@type":"EntryPoint","urlTemplate":"https:\/\/capyogasante.fr\/?s={search_term_string}"},"query-input":{"@type":"PropertyValueSpecification","valueRequired":true,"valueName":"search_term_string"}}],"inLanguage":"fr-FR"},{"@type":"Organization","@id":"https:\/\/capyogasante.fr\/#organization","name":"Association Cap Yoga Sant\u00e9","url":"https:\/\/capyogasante.fr\/","logo":{"@type":"ImageObject","inLanguage":"fr-FR","@id":"https:\/\/capyogasante.fr\/#\/schema\/logo\/image\/","url":"https:\/\/capyogasante.fr\/wp-content\/uploads\/2025\/07\/Copie-de-Copie-de-CAP-YOGA-SANTE-6.png","contentUrl":"https:\/\/capyogasante.fr\/wp-content\/uploads\/2025\/07\/Copie-de-Copie-de-CAP-YOGA-SANTE-6.png","width":500,"height":500,"caption":"Association Cap Yoga Sant\u00e9"},"image":{"@id":"https:\/\/capyogasante.fr\/#\/schema\/logo\/image\/"},"sameAs":["https:\/\/www.facebook.com\/profile.php?id=61576708630963","https:\/\/www.instagram.com\/capyogasante\/"]}]}},"_links":{"self":[{"href":"https:\/\/capyogasante.fr\/index.php\/wp-json\/wp\/v2\/pages\/207","targetHints":{"allow":["GET"]}}],"collection":[{"href":"https:\/\/capyogasante.fr\/index.php\/wp-json\/wp\/v2\/pages"}],"about":[{"href":"https:\/\/capyogasante.fr\/index.php\/wp-json\/wp\/v2\/types\/page"}],"author":[{"embeddable":true,"href":"https:\/\/capyogasante.fr\/index.php\/wp-json\/wp\/v2\/users\/1"}],"replies":[{"embeddable":true,"href":"https:\/\/capyogasante.fr\/index.php\/wp-json\/wp\/v2\/comments?post=207"}],"version-history":[{"count":11,"href":"https:\/\/capyogasante.fr\/index.php\/wp-json\/wp\/v2\/pages\/207\/revisions"}],"predecessor-version":[{"id":236,"href":"https:\/\/capyogasante.fr\/index.php\/wp-json\/wp\/v2\/pages\/207\/revisions\/236"}],"wp:attachment":[{"href":"https:\/\/capyogasante.fr\/index.php\/wp-json\/wp\/v2\/media?parent=207"}],"curies":[{"name":"wp","href":"https:\/\/api.w.org\/{rel}","templated":true}]}}